{"id":234,"date":"2025-02-25T00:02:18","date_gmt":"2025-02-24T23:02:18","guid":{"rendered":"https:\/\/louise.meziere.net\/accessibility\/"},"modified":"2025-07-12T13:44:53","modified_gmt":"2025-07-12T11:44:53","slug":"accessibility","status":"publish","type":"page","link":"https:\/\/louise.meziere.net\/en\/accessibility\/","title":{"rendered":"Accessibility"},"content":{"rendered":"\n<div class=\"wp-block-group is-layout-constrained wp-block-group-is-layout-constrained\">\n<h2 class=\"wp-block-heading\"><strong>Commitment to accessibility<\/strong><\/h2>\n\n\n\n<p class=\"wp-block-paragraph\">Louise M\u00e9zi\u00e8re commits to making her site <strong><a href=\"https:\/\/louise.meziere.net\/\">https:\/\/louise.meziere.net\/<\/a><\/strong> accessible to all, including the disabled. We strive to continually improve the user experience and comply with current accessibility standards, in particular the <strong>Web Content Accessibility Guidelines (WCAG<\/strong>).<\/p>\n\n\n\n<h2 class=\"wp-block-heading\"><strong>Measures implemented<\/strong><\/h2>\n\n\n\n<p class=\"wp-block-paragraph\">To ensure optimal access for all users, we have adopted the following best practices:<\/p>\n\n\n\n<ul class=\"wp-block-list\">\n<li>A clear, hierarchical content structure for easy navigation.<\/li>\n\n\n\n<li>Alt text on essential images.<\/li>\n\n\n\n<li>Keyboard navigation.<\/li>\n\n\n\n<li>Sufficient color contrast for better legibility.<\/li>\n\n\n\n<li>Compatibility with assistive technologies (screen readers, voice command software, etc.).<\/li>\n<\/ul>\n\n\n\n<h2 class=\"wp-block-heading\"><strong>Upcoming improvements<\/strong><\/h2>\n\n\n\n<p class=\"wp-block-paragraph\">We are aware that some parts of the site could still be improved to reach an optimal level of accessibility. We are actively working on :<\/p>\n\n\n\n<ul class=\"wp-block-list\">\n<li>Optimization of certain color contrasts.<\/li>\n\n\n\n<li>Add subtitles or transcriptions for multimedia content.<\/li>\n\n\n\n<li>Adjustments for better support by screen readers.<\/li>\n<\/ul>\n\n\n\n<h2 class=\"wp-block-heading\"><strong>Return and contact<\/strong><\/h2>\n\n\n\n<p class=\"wp-block-paragraph\">If you have any problems accessing content or would like to suggest improvements, please contact us: https: <a href=\"https:\/\/www.linkedin.com\/in\/louise-m%C3%A9zi%C3%A8re-943201259\/\">\/\/www.linkedin.com\/in\/louise-m\u00e9zi\u00e8re-943201259\/<\/a><\/p>\n\n\n\n<p class=\"wp-block-paragraph\">We promise to get back to you as soon as possible, and to find a solution tailored to your needs.<\/p>\n\n\n\n<h2 class=\"wp-block-heading\"><strong>References and regulations<\/strong><\/h2>\n\n\n\n<p class=\"wp-block-paragraph\">This site aims to comply with the <strong>R\u00e9f\u00e9rentiel G\u00e9n\u00e9ral d&#8217;Am\u00e9lioration de l&#8217;Accessibilit\u00e9 (RGAA)<\/strong> and the recommendations of the <strong>World Wide Web Consortium (W3C)<\/strong>.<\/p>\n<\/div>\n","protected":false},"excerpt":{"rendered":"<p>Commitment to accessibility Louise M\u00e9zi\u00e8re commits to making her site https:\/\/louise.meziere.net\/ accessible to all, including the disabled. We strive to continually improve the user experience and comply with current accessibility standards, in particular the Web Content Accessibility Guidelines (WCAG). Measures implemented To ensure optimal access for all users, we have adopted the following best practices:&#8230;<\/p>\n","protected":false},"author":1,"featured_media":0,"parent":0,"menu_order":19,"comment_status":"closed","ping_status":"closed","template":"","meta":{"_acf_changed":false,"_crdt_document":"","footnotes":""},"class_list":["post-234","page","type-page","status-publish","hentry"],"acf":[],"_links":{"self":[{"href":"https:\/\/louise.meziere.net\/en\/wp-json\/wp\/v2\/pages\/234","targetHints":{"allow":["GET"]}}],"collection":[{"href":"https:\/\/louise.meziere.net\/en\/wp-json\/wp\/v2\/pages"}],"about":[{"href":"https:\/\/louise.meziere.net\/en\/wp-json\/wp\/v2\/types\/page"}],"author":[{"embeddable":true,"href":"https:\/\/louise.meziere.net\/en\/wp-json\/wp\/v2\/users\/1"}],"replies":[{"embeddable":true,"href":"https:\/\/louise.meziere.net\/en\/wp-json\/wp\/v2\/comments?post=234"}],"version-history":[{"count":2,"href":"https:\/\/louise.meziere.net\/en\/wp-json\/wp\/v2\/pages\/234\/revisions"}],"predecessor-version":[{"id":366,"href":"https:\/\/louise.meziere.net\/en\/wp-json\/wp\/v2\/pages\/234\/revisions\/366"}],"wp:attachment":[{"href":"https:\/\/louise.meziere.net\/en\/wp-json\/wp\/v2\/media?parent=234"}],"curies":[{"name":"wp","href":"https:\/\/api.w.org\/{rel}","templated":true}]}}