{"id":225,"date":"2025-02-24T23:56:30","date_gmt":"2025-02-24T22:56:30","guid":{"rendered":"https:\/\/louise.meziere.net\/?page_id=225"},"modified":"2025-02-24T23:58:26","modified_gmt":"2025-02-24T22:58:26","slug":"mentions-legales","status":"publish","type":"page","link":"https:\/\/louise.meziere.net\/fr\/mentions-legales\/","title":{"rendered":"Mentions l\u00e9gales"},"content":{"rendered":"\n<div class=\"wp-block-group is-layout-constrained wp-block-group-is-layout-constrained\">\n<h3 class=\"wp-block-heading\"><strong>1. \u00c9dition du site<\/strong><\/h3>\n\n\n\n<p class=\"wp-block-paragraph\">Le pr\u00e9sent site, accessible \u00e0 l\u2019URL <strong><a href=\"https:\/\/louise.meziere.net\/\">https:\/\/louise.meziere.net\/<\/a><\/strong> (ci-apr\u00e8s le \u00ab Site \u00bb), est \u00e9dit\u00e9 par :<br><strong>Louise M\u00e9zi\u00e8re<\/strong>, artiste 2D\/3D junior, joignable \u00e0 l\u2019adresse suivante : <a href=\"https:\/\/www.linkedin.com\/in\/louise-m%C3%A9zi%C3%A8re-943201259\/\">https:\/\/www.linkedin.com\/in\/louise-m\u00e9zi\u00e8re-943201259\/<\/a>.<\/p>\n\n\n\n<h3 class=\"wp-block-heading\"><strong>2. H\u00e9bergement<\/strong><\/h3>\n\n\n\n<p class=\"wp-block-paragraph\">Le site est h\u00e9berg\u00e9 par GANDI SAS, Soci\u00e9t\u00e9 par Actions Simplifi\u00e9e au capital de 300.000\u20ac ayant son si\u00e8ge social au 63-65 boulevard Massena \u00e0 Paris (75013) FRANCE, immatricul\u00e9e sous le num\u00e9ro 423 093 459 RCS PARIS<\/p>\n\n\n\n<h3 class=\"wp-block-heading\"><strong>3. Propri\u00e9t\u00e9 intellectuelle<\/strong><\/h3>\n\n\n\n<p class=\"wp-block-paragraph\">L\u2019ensemble des contenus pr\u00e9sents sur le Site (textes, images, vid\u00e9os, graphismes, logos, etc.) est prot\u00e9g\u00e9 par le droit de la propri\u00e9t\u00e9 intellectuelle et reste la propri\u00e9t\u00e9 exclusive de <strong>Louise M\u00e9zi\u00e8re<\/strong>, sauf mention contraire. Toute reproduction, modification, distribution ou exploitation, totale ou partielle, sans autorisation pr\u00e9alable est strictement interdite.<\/p>\n\n\n\n<h3 class=\"wp-block-heading\"><strong>4. Donn\u00e9es personnelles<\/strong><\/h3>\n\n\n\n<p class=\"wp-block-paragraph\">Le Site peut collecter certaines donn\u00e9es personnelles dans le cadre de son fonctionnement (formulaire de contact, statistiques, etc.). Ces donn\u00e9es sont trait\u00e9es dans le respect du <strong>R\u00e8glement G\u00e9n\u00e9ral sur la Protection des Donn\u00e9es (RGPD)<\/strong>. L\u2019utilisateur dispose d\u2019un droit d\u2019acc\u00e8s, de rectification et de suppression de ses donn\u00e9es, qu\u2019il peut exercer en contactant l\u2019\u00e9diteur du Site \u00e0 l\u2019adresse suivante : <a href=\"https:\/\/www.linkedin.com\/in\/louise-m%C3%A9zi%C3%A8re-943201259\/\">https:\/\/www.linkedin.com\/in\/louise-m\u00e9zi\u00e8re-943201259\/<\/a>.<\/p>\n\n\n\n<h3 class=\"wp-block-heading\"><strong>5. Responsabilit\u00e9<\/strong><\/h3>\n\n\n\n<p class=\"wp-block-paragraph\">L\u2019\u00e9diteur du Site s\u2019efforce d\u2019assurer l\u2019exactitude et la mise \u00e0 jour des informations diffus\u00e9es. Toutefois, il ne saurait \u00eatre tenu responsable des erreurs, omissions ou d\u2019une \u00e9ventuelle indisponibilit\u00e9 du Site. L\u2019utilisateur reconna\u00eet utiliser le Site sous sa seule responsabilit\u00e9.<\/p>\n\n\n\n<h3 class=\"wp-block-heading\"><strong>6. Liens hypertextes<\/strong><\/h3>\n\n\n\n<p class=\"wp-block-paragraph\">Le Site peut contenir des liens vers des sites tiers. L\u2019\u00e9diteur ne saurait \u00eatre tenu responsable du contenu de ces sites externes ni des \u00e9ventuels dommages qu\u2019ils pourraient engendrer.<\/p>\n\n\n\n<h3 class=\"wp-block-heading\"><strong>7. Droit applicable<\/strong><\/h3>\n\n\n\n<p class=\"wp-block-paragraph\">Les pr\u00e9sentes mentions l\u00e9gales sont soumises au droit fran\u00e7ais. En cas de litige, les tribunaux comp\u00e9tents seront ceux du ressort de Lyon.<\/p>\n<\/div>\n","protected":false},"excerpt":{"rendered":"<p>1. \u00c9dition du site Le pr\u00e9sent site, accessible \u00e0 l\u2019URL https:\/\/louise.meziere.net\/ (ci-apr\u00e8s le \u00ab Site \u00bb), est \u00e9dit\u00e9 par :Louise M\u00e9zi\u00e8re, artiste 2D\/3D junior, joignable \u00e0 l\u2019adresse suivante : https:\/\/www.linkedin.com\/in\/louise-m\u00e9zi\u00e8re-943201259\/. 2. H\u00e9bergement Le site est h\u00e9berg\u00e9 par GANDI SAS, Soci\u00e9t\u00e9 par Actions Simplifi\u00e9e au capital de 300.000\u20ac ayant son si\u00e8ge social au 63-65 boulevard Massena&#8230;<\/p>\n","protected":false},"author":1,"featured_media":0,"parent":0,"menu_order":17,"comment_status":"closed","ping_status":"closed","template":"","meta":{"_acf_changed":false,"_crdt_document":"","footnotes":""},"class_list":["post-225","page","type-page","status-publish","hentry"],"acf":[],"_links":{"self":[{"href":"https:\/\/louise.meziere.net\/fr\/wp-json\/wp\/v2\/pages\/225","targetHints":{"allow":["GET"]}}],"collection":[{"href":"https:\/\/louise.meziere.net\/fr\/wp-json\/wp\/v2\/pages"}],"about":[{"href":"https:\/\/louise.meziere.net\/fr\/wp-json\/wp\/v2\/types\/page"}],"author":[{"embeddable":true,"href":"https:\/\/louise.meziere.net\/fr\/wp-json\/wp\/v2\/users\/1"}],"replies":[{"embeddable":true,"href":"https:\/\/louise.meziere.net\/fr\/wp-json\/wp\/v2\/comments?post=225"}],"version-history":[{"count":2,"href":"https:\/\/louise.meziere.net\/fr\/wp-json\/wp\/v2\/pages\/225\/revisions"}],"predecessor-version":[{"id":229,"href":"https:\/\/louise.meziere.net\/fr\/wp-json\/wp\/v2\/pages\/225\/revisions\/229"}],"wp:attachment":[{"href":"https:\/\/louise.meziere.net\/fr\/wp-json\/wp\/v2\/media?parent=225"}],"curies":[{"name":"wp","href":"https:\/\/api.w.org\/{rel}","templated":true}]}}