{"id":232,"date":"2025-02-25T00:02:18","date_gmt":"2025-02-24T23:02:18","guid":{"rendered":"https:\/\/louise.meziere.net\/?page_id=232"},"modified":"2025-02-25T00:04:12","modified_gmt":"2025-02-24T23:04:12","slug":"accessibilite","status":"publish","type":"page","link":"https:\/\/louise.meziere.net\/fr\/accessibilite\/","title":{"rendered":"Accessibilit\u00e9"},"content":{"rendered":"\n<div class=\"wp-block-group is-layout-constrained wp-block-group-is-layout-constrained\">\n<h2 class=\"wp-block-heading\"><strong>Engagement en faveur de l\u2019accessibilit\u00e9<\/strong><\/h2>\n\n\n\n<p class=\"wp-block-paragraph\">Louise M\u00e9zi\u00e8re s\u2019engage \u00e0 rendre son site <strong><a href=\"https:\/\/louise.meziere.net\/\">https:\/\/louise.meziere.net\/<\/a><\/strong> accessible \u00e0 tous, y compris aux personnes en situation de handicap. Nous nous effor\u00e7ons d\u2019am\u00e9liorer continuellement l\u2019exp\u00e9rience utilisateur et de respecter les normes d\u2019accessibilit\u00e9 en vigueur, notamment les <strong>R\u00e8gles pour l\u2019Accessibilit\u00e9 des Contenus Web (WCAG)<\/strong>.<\/p>\n\n\n\n<h2 class=\"wp-block-heading\"><strong>Mesures mises en place<\/strong><\/h2>\n\n\n\n<p class=\"wp-block-paragraph\">Pour garantir un acc\u00e8s optimal \u00e0 tous les utilisateurs, nous avons adopt\u00e9 les bonnes pratiques suivantes :<\/p>\n\n\n\n<ul class=\"wp-block-list\">\n<li>Une structure claire et hi\u00e9rarchis\u00e9e des contenus pour faciliter la navigation.<\/li>\n\n\n\n<li>Des textes alternatifs (alt text) sur les images essentielles.<\/li>\n\n\n\n<li>Une navigation accessible au clavier.<\/li>\n\n\n\n<li>Des contrastes de couleurs suffisants pour une meilleure lisibilit\u00e9.<\/li>\n\n\n\n<li>Une compatibilit\u00e9 avec les technologies d\u2019assistance (lecteurs d\u2019\u00e9cran, logiciels de commande vocale, etc.).<\/li>\n<\/ul>\n\n\n\n<h2 class=\"wp-block-heading\"><strong>Am\u00e9liorations \u00e0 venir<\/strong><\/h2>\n\n\n\n<p class=\"wp-block-paragraph\">Nous sommes conscients que certaines parties du site pourraient encore \u00eatre am\u00e9lior\u00e9es pour atteindre un niveau d\u2019accessibilit\u00e9 optimal. Nous travaillons activement sur :<\/p>\n\n\n\n<ul class=\"wp-block-list\">\n<li>L\u2019optimisation de certains contrastes de couleurs.<\/li>\n\n\n\n<li>L\u2019ajout de sous-titres ou de transcriptions pour les contenus multim\u00e9dias.<\/li>\n\n\n\n<li>Des ajustements pour une meilleure prise en charge par les lecteurs d\u2019\u00e9cran.<\/li>\n<\/ul>\n\n\n\n<h2 class=\"wp-block-heading\"><strong>Retour et contact<\/strong><\/h2>\n\n\n\n<p class=\"wp-block-paragraph\">Si vous rencontrez des difficult\u00e9s d\u2019acc\u00e8s \u00e0 un contenu ou souhaitez nous faire part de vos suggestions d\u2019am\u00e9lioration, vous pouvez nous contacter : <a href=\"https:\/\/www.linkedin.com\/in\/louise-m\u00e9zi\u00e8re-943201259\/\">https:\/\/www.linkedin.com\/in\/louise-m\u00e9zi\u00e8re-943201259\/<\/a><\/p>\n\n\n\n<p class=\"wp-block-paragraph\">Nous nous engageons \u00e0 vous r\u00e9pondre dans les meilleurs d\u00e9lais et \u00e0 trouver une solution adapt\u00e9e \u00e0 votre besoin.<\/p>\n\n\n\n<h2 class=\"wp-block-heading\"><strong>R\u00e9f\u00e9rences et r\u00e9glementation<\/strong><\/h2>\n\n\n\n<p class=\"wp-block-paragraph\">Ce site vise \u00e0 se conformer au <strong>R\u00e9f\u00e9rentiel G\u00e9n\u00e9ral d\u2019Am\u00e9lioration de l\u2019Accessibilit\u00e9 (RGAA)<\/strong> et aux recommandations du <strong>World Wide Web Consortium (W3C)<\/strong>.<\/p>\n<\/div>\n","protected":false},"excerpt":{"rendered":"<p>Engagement en faveur de l\u2019accessibilit\u00e9 Louise M\u00e9zi\u00e8re s\u2019engage \u00e0 rendre son site https:\/\/louise.meziere.net\/ accessible \u00e0 tous, y compris aux personnes en situation de handicap. Nous nous effor\u00e7ons d\u2019am\u00e9liorer continuellement l\u2019exp\u00e9rience utilisateur et de respecter les normes d\u2019accessibilit\u00e9 en vigueur, notamment les R\u00e8gles pour l\u2019Accessibilit\u00e9 des Contenus Web (WCAG). Mesures mises en place Pour garantir un&#8230;<\/p>\n","protected":false},"author":1,"featured_media":0,"parent":0,"menu_order":19,"comment_status":"closed","ping_status":"closed","template":"","meta":{"_acf_changed":false,"_crdt_document":"","footnotes":""},"class_list":["post-232","page","type-page","status-publish","hentry"],"acf":[],"_links":{"self":[{"href":"https:\/\/louise.meziere.net\/fr\/wp-json\/wp\/v2\/pages\/232","targetHints":{"allow":["GET"]}}],"collection":[{"href":"https:\/\/louise.meziere.net\/fr\/wp-json\/wp\/v2\/pages"}],"about":[{"href":"https:\/\/louise.meziere.net\/fr\/wp-json\/wp\/v2\/types\/page"}],"author":[{"embeddable":true,"href":"https:\/\/louise.meziere.net\/fr\/wp-json\/wp\/v2\/users\/1"}],"replies":[{"embeddable":true,"href":"https:\/\/louise.meziere.net\/fr\/wp-json\/wp\/v2\/comments?post=232"}],"version-history":[{"count":2,"href":"https:\/\/louise.meziere.net\/fr\/wp-json\/wp\/v2\/pages\/232\/revisions"}],"predecessor-version":[{"id":236,"href":"https:\/\/louise.meziere.net\/fr\/wp-json\/wp\/v2\/pages\/232\/revisions\/236"}],"wp:attachment":[{"href":"https:\/\/louise.meziere.net\/fr\/wp-json\/wp\/v2\/media?parent=232"}],"curies":[{"name":"wp","href":"https:\/\/api.w.org\/{rel}","templated":true}]}}